{"id":1008,"date":"2022-11-21T16:46:05","date_gmt":"2022-11-21T15:46:05","guid":{"rendered":"https:\/\/outrebois.art\/?page_id=1008"},"modified":"2022-11-21T16:46:06","modified_gmt":"2022-11-21T15:46:06","slug":"galerie-ephemere","status":"publish","type":"page","link":"https:\/\/outrebois.art\/index.php\/galerie-ephemere\/","title":{"rendered":"GALERIE EPHEMERE"},"content":{"rendered":"\n<p class=\"has-large-font-size\">Pour la troisi\u00e8me ann\u00e9e cons\u00e9cutive, j&rsquo;expose \u00e0 Tournus.<\/p>\n\n\n\n<p class=\"has-large-font-size\">La galerie sera 72 rue de la r\u00e9publique (71700 TOURNUS)<\/p>\n\n\n\n<p class=\"has-large-font-size\">70 m2 \u00e0 venir d\u00e9couvrir. \u00ab\u00a0L&rsquo;art, c&rsquo;est la vie\u00a0\u00bb<\/p>\n\n\n\n<p class=\"has-medium-font-size\"><\/p>\n","protected":false},"excerpt":{"rendered":"<p>Pour la troisi\u00e8me ann\u00e9e cons\u00e9cutive, j&rsquo;expose \u00e0 Tournus. La galerie sera 72 rue de la r\u00e9publique (71700 TOURNUS) 70 m2 \u00e0 venir d\u00e9couvrir. \u00ab\u00a0L&rsquo;art, c&rsquo;est la vie\u00a0\u00bb<\/p>\n","protected":false},"author":1,"featured_media":1005,"parent":0,"menu_order":0,"comment_status":"closed","ping_status":"closed","template":"","meta":{"footnotes":""},"categories":[5],"tags":[],"class_list":["post-1008","page","type-page","status-publish","has-post-thumbnail","hentry","category-exposition"],"_links":{"self":[{"href":"https:\/\/outrebois.art\/index.php\/wp-json\/wp\/v2\/pages\/1008","targetHints":{"allow":["GET"]}}],"collection":[{"href":"https:\/\/outrebois.art\/index.php\/wp-json\/wp\/v2\/pages"}],"about":[{"href":"https:\/\/outrebois.art\/index.php\/wp-json\/wp\/v2\/types\/page"}],"author":[{"embeddable":true,"href":"https:\/\/outrebois.art\/index.php\/wp-json\/wp\/v2\/users\/1"}],"replies":[{"embeddable":true,"href":"https:\/\/outrebois.art\/index.php\/wp-json\/wp\/v2\/comments?post=1008"}],"version-history":[{"count":1,"href":"https:\/\/outrebois.art\/index.php\/wp-json\/wp\/v2\/pages\/1008\/revisions"}],"predecessor-version":[{"id":1010,"href":"https:\/\/outrebois.art\/index.php\/wp-json\/wp\/v2\/pages\/1008\/revisions\/1010"}],"wp:featuredmedia":[{"embeddable":true,"href":"https:\/\/outrebois.art\/index.php\/wp-json\/wp\/v2\/media\/1005"}],"wp:attachment":[{"href":"https:\/\/outrebois.art\/index.php\/wp-json\/wp\/v2\/media?parent=1008"}],"wp:term":[{"taxonomy":"category","embeddable":true,"href":"https:\/\/outrebois.art\/index.php\/wp-json\/wp\/v2\/categories?post=1008"},{"taxonomy":"post_tag","embeddable":true,"href":"https:\/\/outrebois.art\/index.php\/wp-json\/wp\/v2\/tags?post=1008"}],"curies":[{"name":"wp","href":"https:\/\/api.w.org\/{rel}","templated":true}]}}