{"id":154,"date":"2018-10-23T22:16:44","date_gmt":"2018-10-23T20:16:44","guid":{"rendered":"http:\/\/outrebois.art\/?page_id=154"},"modified":"2024-05-31T10:03:28","modified_gmt":"2024-05-31T08:03:28","slug":"localisation","status":"publish","type":"page","link":"https:\/\/outrebois.art\/index.php\/localisation\/","title":{"rendered":"Localisation"},"content":{"rendered":"\n<p>90 Impasse des Grands Champs<br>71700 TOURNUS<\/p>\n\n\n\n<p><div id=\"lmm_0fda1275\" style=\"width:100%;\" class=\"mapsmarker markermap marker-1\">\n<div id=\"lmm_panel_0fda1275\" class=\"lmm-panel\" style=\"background:#efefef;\">\n<div id=\"lmm_panel_api_0fda1275\" class=\"lmm-panel-api\"><a href=\"https:\/\/maps.google.com\/maps?daddr=46.571717,4.880703&amp;t=m&amp;layer=1&amp;doflg=ptk&amp;om=0\" target=\"_blank\" title=\"Obtenir l&#039;itin\u00e9raire\"><img loading=\"lazy\" decoding=\"async\" alt=\"icon-car.png\" src=\"https:\/\/outrebois.art\/wp-content\/plugins\/leaflet-maps-marker\/inc\/img\/icon-car.png\" width=\"14\" height=\"14\" class=\"lmm-panel-api-images\" \/><\/a><\/div><div id=\"lmm_panel_text_0fda1275\" class=\"lmm-panel-text\" style=\"font-weight:bold;color:#373737;\">Voyage en Outre-Bois<\/div><\/div>\n<div id=\"lmm_map_0fda1275\" class=\"lmm-map\" style=\"background:#f6f6f6;border:1px solid #ccc;height:480px; overflow:hidden;padding:0;\"><p style=\"font-size:80%;color:#9f9e9e;margin-left:5px;\">chargement de la carte - veuillez patienter...<noscript><br\/><strong>La carte ne peut \u00eatre charg\u00e9e - s'il vous pla\u00eet activer Javascript !<\/strong><br\/><a style=\"text-decoration:none;\" href=\"https:\/\/www.mapsmarker.com\/js-disabled\" target=\"_blank\">&rarr; plus dginformations<\/a><\/noscript><\/p><\/div>\n<div id=\"lmm_geo_tags_0fda1275\" class=\"lmm-geo-tags geo\">\n<span class=\"paneltext\">Voyage en Outre-Bois<\/span>\n<span class=\"latitude\">46.571717<\/span>, <span class=\"longitude\">4.880703<\/span>\n<span class=\"popuptext\">90 Impasse des Grands Champs\r\n71700 TOURNUS<\/span>\n<\/div>\n<\/div><br><\/p>\n","protected":false},"excerpt":{"rendered":"<p>90 Impasse des Grands Champs71700 TOURNUS<\/p>\n","protected":false},"author":1,"featured_media":0,"parent":0,"menu_order":0,"comment_status":"closed","ping_status":"closed","template":"","meta":{"footnotes":""},"categories":[],"tags":[],"class_list":["post-154","page","type-page","status-publish","hentry"],"_links":{"self":[{"href":"https:\/\/outrebois.art\/index.php\/wp-json\/wp\/v2\/pages\/154","targetHints":{"allow":["GET"]}}],"collection":[{"href":"https:\/\/outrebois.art\/index.php\/wp-json\/wp\/v2\/pages"}],"about":[{"href":"https:\/\/outrebois.art\/index.php\/wp-json\/wp\/v2\/types\/page"}],"author":[{"embeddable":true,"href":"https:\/\/outrebois.art\/index.php\/wp-json\/wp\/v2\/users\/1"}],"replies":[{"embeddable":true,"href":"https:\/\/outrebois.art\/index.php\/wp-json\/wp\/v2\/comments?post=154"}],"version-history":[{"count":3,"href":"https:\/\/outrebois.art\/index.php\/wp-json\/wp\/v2\/pages\/154\/revisions"}],"predecessor-version":[{"id":1081,"href":"https:\/\/outrebois.art\/index.php\/wp-json\/wp\/v2\/pages\/154\/revisions\/1081"}],"wp:attachment":[{"href":"https:\/\/outrebois.art\/index.php\/wp-json\/wp\/v2\/media?parent=154"}],"wp:term":[{"taxonomy":"category","embeddable":true,"href":"https:\/\/outrebois.art\/index.php\/wp-json\/wp\/v2\/categories?post=154"},{"taxonomy":"post_tag","embeddable":true,"href":"https:\/\/outrebois.art\/index.php\/wp-json\/wp\/v2\/tags?post=154"}],"curies":[{"name":"wp","href":"https:\/\/api.w.org\/{rel}","templated":true}]}}