{"id":161,"date":"2018-10-24T11:06:41","date_gmt":"2018-10-24T09:06:41","guid":{"rendered":"http:\/\/outrebois.art\/?page_id=161"},"modified":"2019-01-22T14:43:29","modified_gmt":"2019-01-22T13:43:29","slug":"vente","status":"publish","type":"page","link":"https:\/\/outrebois.art\/index.php\/vente\/","title":{"rendered":"Galerie"},"content":{"rendered":"\r\n\r\nVous pouvez admirer mes \u0153uvres r\u00e9guli\u00e8rement lors d&rsquo;expositions et de salons. Les tarifs y sont affich\u00e9s.\r\n\r\n\r\n\r\n\r\n\r\nC&rsquo;est \u00e9galement l&rsquo;occasion pour me rencontrer et \u00e9changer vos avis.\r\n\r\n\r\n\r\n\r\n\r\nSinon, n&rsquo;h\u00e9sitez pas \u00e0 prendre contact avec moi par le <a href=\"\/index.php\/contact\/\">formulaire suivant<\/a>.\r\n\r\n","protected":false},"excerpt":{"rendered":"<p>Vous pouvez admirer mes \u0153uvres r\u00e9guli\u00e8rement lors d&rsquo;expositions et de salons. Les tarifs y sont affich\u00e9s. C&rsquo;est \u00e9galement l&rsquo;occasion pour me rencontrer et \u00e9changer vos avis. Sinon, n&rsquo;h\u00e9sitez pas \u00e0 prendre contact avec moi par le formulaire suivant.<\/p>\n","protected":false},"author":1,"featured_media":0,"parent":0,"menu_order":0,"comment_status":"closed","ping_status":"closed","template":"","meta":{"footnotes":""},"categories":[6],"tags":[32],"class_list":["post-161","page","type-page","status-publish","hentry","category-galerie","tag-epingle"],"_links":{"self":[{"href":"https:\/\/outrebois.art\/index.php\/wp-json\/wp\/v2\/pages\/161","targetHints":{"allow":["GET"]}}],"collection":[{"href":"https:\/\/outrebois.art\/index.php\/wp-json\/wp\/v2\/pages"}],"about":[{"href":"https:\/\/outrebois.art\/index.php\/wp-json\/wp\/v2\/types\/page"}],"author":[{"embeddable":true,"href":"https:\/\/outrebois.art\/index.php\/wp-json\/wp\/v2\/users\/1"}],"replies":[{"embeddable":true,"href":"https:\/\/outrebois.art\/index.php\/wp-json\/wp\/v2\/comments?post=161"}],"version-history":[{"count":2,"href":"https:\/\/outrebois.art\/index.php\/wp-json\/wp\/v2\/pages\/161\/revisions"}],"predecessor-version":[{"id":226,"href":"https:\/\/outrebois.art\/index.php\/wp-json\/wp\/v2\/pages\/161\/revisions\/226"}],"wp:attachment":[{"href":"https:\/\/outrebois.art\/index.php\/wp-json\/wp\/v2\/media?parent=161"}],"wp:term":[{"taxonomy":"category","embeddable":true,"href":"https:\/\/outrebois.art\/index.php\/wp-json\/wp\/v2\/categories?post=161"},{"taxonomy":"post_tag","embeddable":true,"href":"https:\/\/outrebois.art\/index.php\/wp-json\/wp\/v2\/tags?post=161"}],"curies":[{"name":"wp","href":"https:\/\/api.w.org\/{rel}","templated":true}]}}