{"id":9,"date":"2018-09-29T12:25:06","date_gmt":"2018-09-29T10:25:06","guid":{"rendered":"http:\/\/outrebois.art\/?page_id=9"},"modified":"2018-10-24T11:17:20","modified_gmt":"2018-10-24T09:17:20","slug":"a-propos-de","status":"publish","type":"page","link":"https:\/\/outrebois.art\/index.php\/a-propos-de\/","title":{"rendered":"\u00c0 propos"},"content":{"rendered":"<p>Sans pinceau, ni peinture, le bois est ma seule palette. Inspir\u00e9 par la mati\u00e8re et la nature, mes tableaux mettent \u00e0 l&rsquo;honneur le bois.<\/p>\n<p>Un travail de marqueterie par superposition de placages de diff\u00e9rentes essences, par un \u00e9b\u00e9niste passionn\u00e9.<\/p>\n<p>Ancien professionnel en vente de placages et autres produits de marqueterie, ce travail d&rsquo;art me permet d&rsquo;exprimer toutes les possibilit\u00e9s d&rsquo;assemblage qu&rsquo;offre ce m\u00e9tier de pr\u00e9cision au contact du bois.<\/p>\n<p>L&rsquo;activit\u00e9 de vente de produits de marqueterie a \u00e9t\u00e9 reprise par ma fille sur <a href=\"http:\/\/outrebois.art\/index.php\/placages-et-filets-gauthey\/\">gauthey.fr<\/a><\/p>\n","protected":false},"excerpt":{"rendered":"<p>Sans pinceau, ni peinture, le bois est ma seule palette. Inspir\u00e9 par la mati\u00e8re et la nature, mes tableaux mettent \u00e0 l&rsquo;honneur le bois. Un travail de marqueterie par superposition de placages de diff\u00e9rentes essences, par un \u00e9b\u00e9niste passionn\u00e9. Ancien professionnel en vente de placages et autres produits de marqueterie, ce travail d&rsquo;art me permet [&hellip;]<\/p>\n","protected":false},"author":1,"featured_media":38,"parent":0,"menu_order":0,"comment_status":"closed","ping_status":"closed","template":"","meta":{"footnotes":""},"categories":[],"tags":[],"class_list":["post-9","page","type-page","status-publish","has-post-thumbnail","hentry"],"_links":{"self":[{"href":"https:\/\/outrebois.art\/index.php\/wp-json\/wp\/v2\/pages\/9","targetHints":{"allow":["GET"]}}],"collection":[{"href":"https:\/\/outrebois.art\/index.php\/wp-json\/wp\/v2\/pages"}],"about":[{"href":"https:\/\/outrebois.art\/index.php\/wp-json\/wp\/v2\/types\/page"}],"author":[{"embeddable":true,"href":"https:\/\/outrebois.art\/index.php\/wp-json\/wp\/v2\/users\/1"}],"replies":[{"embeddable":true,"href":"https:\/\/outrebois.art\/index.php\/wp-json\/wp\/v2\/comments?post=9"}],"version-history":[{"count":4,"href":"https:\/\/outrebois.art\/index.php\/wp-json\/wp\/v2\/pages\/9\/revisions"}],"predecessor-version":[{"id":147,"href":"https:\/\/outrebois.art\/index.php\/wp-json\/wp\/v2\/pages\/9\/revisions\/147"}],"wp:featuredmedia":[{"embeddable":true,"href":"https:\/\/outrebois.art\/index.php\/wp-json\/wp\/v2\/media\/38"}],"wp:attachment":[{"href":"https:\/\/outrebois.art\/index.php\/wp-json\/wp\/v2\/media?parent=9"}],"wp:term":[{"taxonomy":"category","embeddable":true,"href":"https:\/\/outrebois.art\/index.php\/wp-json\/wp\/v2\/categories?post=9"},{"taxonomy":"post_tag","embeddable":true,"href":"https:\/\/outrebois.art\/index.php\/wp-json\/wp\/v2\/tags?post=9"}],"curies":[{"name":"wp","href":"https:\/\/api.w.org\/{rel}","templated":true}]}}